{"id":1028,"date":"2021-12-09T12:28:58","date_gmt":"2021-12-09T12:28:58","guid":{"rendered":"http:\/\/mariannekuenzle.ch.94-231-94-132.preview14.servertown.ch\/wordpress\/?page_id=1028"},"modified":"2025-12-08T17:41:00","modified_gmt":"2025-12-08T17:41:00","slug":"buch","status":"publish","type":"page","link":"https:\/\/mariannekuenzle.ch\/wordpress\/buch\/","title":{"rendered":"B\u00fccher"},"content":{"rendered":"<p><div class=\"fusion-fullwidth fullwidth-box fusion-builder-row-1 fusion-flex-container hundred-percent-fullwidth non-hundred-percent-height-scrolling\" style=\"--awb-background-position:left top;--awb-border-sizes-top:0px;--awb-border-sizes-bottom:0px;--awb-border-sizes-left:0px;--awb-border-sizes-right:0px;--awb-border-radius-top-left:0px;--awb-border-radius-top-right:0px;--awb-border-radius-bottom-right:0px;--awb-border-radius-bottom-left:0px;--awb-padding-top:0px;--awb-padding-right:0px;--awb-padding-bottom:0px;--awb-padding-left:0px;--awb-flex-wrap:wrap;\" ><div class=\"fusion-builder-row fusion-row fusion-flex-align-items-stretch fusion-flex-content-wrap\" style=\"width:calc( 100% + 0px ) !important;max-width:calc( 100% + 0px ) !important;margin-left: calc(-0px \/ 2 );margin-right: calc(-0px \/ 2 );\"><div class=\"fusion-layout-column fusion_builder_column fusion-builder-column-0 fusion_builder_column_1_3 1_3 fusion-flex-column\" style=\"--awb-padding-top:13%;--awb-padding-right:15%;--awb-padding-bottom:15%;--awb-padding-left:15%;--awb-padding-top-small:55px;--awb-padding-bottom-small:68px;--awb-bg-color:#2b3136;--awb-bg-color-hover:#2b3136;--awb-bg-size:cover;--awb-width-large:33.333333333333%;--awb-margin-top-large:0px;--awb-spacing-right-large:0px;--awb-margin-bottom-large:0px;--awb-spacing-left-large:0px;--awb-width-medium:33.333333333333%;--awb-spacing-right-medium:0px;--awb-spacing-left-medium:0px;--awb-width-small:100%;--awb-spacing-right-small:0px;--awb-spacing-left-small:0px;\"><div class=\"fusion-column-wrapper fusion-flex-justify-content-flex-start fusion-content-layout-column\"><div class=\"fusion-text fusion-text-1\"><h3 class=\"\" style=\"--fontsize: 34; line-height: 1.1;\" data-fontsize=\"34\" data-lineheight=\"37.4px\">DA HINAUF<\/h3>\n<h5 class=\"fusion-responsive-typography-calculated\" style=\"--fontsize: 22; line-height: 1; --minfontsize: 22;\" data-fontsize=\"22\" data-lineheight=\"22px\"><a href=\"https:\/\/mariannekuenzle.ch\/wordpress\/da-hinauf\/\">Roman.<\/a> Nagel &amp; Kimche<\/h5>\n<\/div><div class=\"fusion-text fusion-text-2\"><p style=\"--fontsize: 34; line-height: 1.1;\" data-fontsize=\"34\" data-lineheight=\"37.4px\">Da hinauf wurde 2024\/25 ins Italienische und Spanische \u00fcbersetzt:<\/p>\n<p><i>Ghiaccio<\/i><\/p>\n<p><a href=\"https:\/\/www.editore.ch\/shop\/libri\/la-libellula\/ghiaccio\/\">Roman<\/a>. Editore Armando Dad\u00f2 (\u00fcbersetzt von Gabriella de\u2018 Grandi)<\/p>\n<p><i>El Glaciar. Blanco, brillante<\/i><\/p>\n<p><a href=\"https:\/\/postmetropolis.com\/producto\/el-glaciar-blanco-brillante\/\">Roman<\/a>. Postmetropolis (\u00fcbersetzt von Raquel Ruiz) <\/p>\n<p style=\"--fontsize: 34; line-height: 1.1;\" data-fontsize=\"34\" data-lineheight=\"37.4px\">\n<\/div><\/div><\/div><div class=\"fusion-layout-column fusion_builder_column fusion-builder-column-1 fusion_builder_column_1_3 1_3 fusion-flex-column\" style=\"--awb-padding-top:22%;--awb-padding-right:15%;--awb-padding-bottom:15%;--awb-padding-left:15%;--awb-bg-color:#24292d;--awb-bg-color-hover:#24292d;--awb-bg-size:cover;--awb-width-large:33.333333333333%;--awb-margin-top-large:0px;--awb-spacing-right-large:0px;--awb-margin-bottom-large:0px;--awb-spacing-left-large:0px;--awb-width-medium:50%;--awb-spacing-right-medium:0px;--awb-spacing-left-medium:0px;--awb-width-small:100%;--awb-spacing-right-small:0px;--awb-spacing-left-small:0px;\"><div class=\"fusion-column-wrapper fusion-flex-justify-content-flex-start fusion-content-layout-column\"><div class=\"fusion-text fusion-text-3\" style=\"--awb-text-transform:none;\"><p><span style=\"font-size: 19px; line-height: 28.5px;\" data-fusion-font=\"true\">Eine Bergtour. Ein schmelzender Gletscher. Tauender Permafrost.<\/span><br \/>\n<span style=\"font-size: 19px; line-height: 28.5px;\" data-fusion-font=\"true\">\u00bbDa hinauf\u00ab ist die dramatische Geschichte zweier Frauen, deren Wege sich kreuzen, die sich aber nie kennenlernen.<\/span><\/p>\n<\/div><\/div><\/div><div class=\"fusion-layout-column fusion_builder_column fusion-builder-column-2 fusion_builder_column_1_3 1_3 fusion-flex-column fusion-flex-align-self-stretch\" style=\"--awb-bg-position:center center;--awb-bg-blend:overlay;--awb-bg-size:cover;--awb-width-large:33.333333333333%;--awb-margin-top-large:0px;--awb-spacing-right-large:0px;--awb-margin-bottom-large:0px;--awb-spacing-left-large:0px;--awb-width-medium:50%;--awb-spacing-right-medium:0px;--awb-spacing-left-medium:0px;--awb-width-small:100%;--awb-spacing-right-small:0px;--awb-spacing-left-small:0px;\"><div class=\"fusion-column-wrapper fusion-flex-justify-content-center fusion-content-layout-row fusion-flex-align-items-center\"><div class=\"fusion-image-element \" style=\"--awb-bottom-shadow-color:var(--awb-color7);--awb-margin-top:25px;--awb-margin-bottom:25px;--awb-caption-title-font-family:var(--h2_typography-font-family);--awb-caption-title-font-weight:var(--h2_typography-font-weight);--awb-caption-title-font-style:var(--h2_typography-font-style);--awb-caption-title-size:var(--h2_typography-font-size);--awb-caption-title-transform:var(--h2_typography-text-transform);--awb-caption-title-line-height:var(--h2_typography-line-height);--awb-caption-title-letter-spacing:var(--h2_typography-letter-spacing);\"><div class=\"awb-image-frame awb-image-frame-1 imageframe-liftup awb-bottomshadow\"><span class=\" fusion-imageframe imageframe-bottomshadow imageframe-1\" style=\"border:5px solid #474544;\"><a class=\"fusion-no-lightbox\" href=\"https:\/\/mariannekuenzle.ch\/wordpress\/da-hinauf\/\" target=\"_self\" aria-label=\"T-Kuenzle_Da hinauf.indd\"><img decoding=\"async\" width=\"250\" height=\"413\" src=\"https:\/\/mariannekuenzle.ch\/wordpress\/wp-content\/uploads\/2021\/12\/DaHinaufBuch-1-von-1-2-scaled-e1639334590297.jpg\" alt class=\"img-responsive wp-image-1182\"\/><\/a><\/span><svg xmlns=\"http:\/\/www.w3.org\/2000\/svg\" version=\"1.1\" width=\"100%\" viewBox=\"0 0 600 28\" preserveAspectRatio=\"none\"><g clip-path=\"url(#a)\"><mask id=\"b\" style=\"mask-type:luminance\" maskUnits=\"userSpaceOnUse\" x=\"0\" y=\"0\" width=\"600\" height=\"28\"><path d=\"M0 0h600v28H0V0Z\" fill=\"#fff\"\/><\/mask><g filter=\"url(#c)\" mask=\"url(#b)\"><path d=\"M16.439-18.667h567.123v30.8S438.961-8.4 300-8.4C161.04-8.4 16.438 12.133 16.438 12.133v-30.8Z\" fill=\"#000\"\/><\/g><\/g><defs><clipPath id=\"a\"><path fill=\"#fff\" d=\"M0 0h600v28H0z\"\/><\/clipPath><filter id=\"c\" x=\"5.438\" y=\"-29.667\" width=\"589.123\" height=\"52.8\" filterUnits=\"userSpaceOnUse\" color-interpolation-filters=\"sRGB\"><feFlood flood-opacity=\"0\" result=\"BackgroundImageFix\"\/><feBlend in=\"SourceGraphic\" in2=\"BackgroundImageFix\" result=\"shape\"\/><feGaussianBlur stdDeviation=\"5.5\" result=\"effect1_foregroundBlur_3983_183\"\/><\/filter><\/defs><\/svg><\/div><\/div><\/div><\/div><\/div><\/div><div class=\"fusion-fullwidth fullwidth-box fusion-builder-row-2 fusion-flex-container hundred-percent-fullwidth non-hundred-percent-height-scrolling\" style=\"--awb-background-position:left top;--awb-border-sizes-top:0px;--awb-border-sizes-bottom:0px;--awb-border-sizes-left:0px;--awb-border-sizes-right:0px;--awb-border-radius-top-left:0px;--awb-border-radius-top-right:0px;--awb-border-radius-bottom-right:0px;--awb-border-radius-bottom-left:0px;--awb-padding-top:0px;--awb-padding-right:0px;--awb-padding-bottom:0px;--awb-padding-left:0px;--awb-flex-wrap:wrap;\" ><div class=\"fusion-builder-row fusion-row fusion-flex-align-items-stretch fusion-flex-content-wrap\" style=\"width:calc( 100% + 0px ) !important;max-width:calc( 100% + 0px ) !important;margin-left: calc(-0px \/ 2 );margin-right: calc(-0px \/ 2 );\"><div class=\"fusion-layout-column fusion_builder_column fusion-builder-column-3 fusion_builder_column_1_3 1_3 fusion-flex-column\" style=\"--awb-padding-top:14%;--awb-padding-right:15%;--awb-padding-bottom:15%;--awb-padding-left:15%;--awb-padding-top-small:60px;--awb-padding-bottom-small:60px;--awb-bg-color:#24292d;--awb-bg-color-hover:#24292d;--awb-bg-size:cover;--awb-width-large:33.333333333333%;--awb-margin-top-large:0px;--awb-spacing-right-large:0px;--awb-margin-bottom-large:0px;--awb-spacing-left-large:0px;--awb-width-medium:33.333333333333%;--awb-spacing-right-medium:0px;--awb-spacing-left-medium:0px;--awb-width-small:100%;--awb-spacing-right-small:0px;--awb-spacing-left-small:0px;\"><div class=\"fusion-column-wrapper fusion-flex-justify-content-flex-start fusion-content-layout-column\"><div class=\"fusion-text fusion-text-4\"><h3 class=\"fusion-responsive-typography-calculated\" style=\"--fontsize: 34; line-height: 1.1;\" data-fontsize=\"34\" data-lineheight=\"37.4px\">UNS MENSCHEN IN DEN WEG GESTREUT<\/h3>\n<h5 class=\"fusion-responsive-typography-calculated\" style=\"--fontsize: 22; line-height: 1; --minfontsize: 22;\" data-fontsize=\"22\" data-lineheight=\"22px\"><a href=\"https:\/\/mariannekuenzle.ch\/wordpress\/uns-menschen-in-den-weg-gestreut\/\">ROMAN.<\/a> Kr\u00e4uterpfarrer Johann K\u00fcnzle 1857-1945<\/h5>\n<h5 class=\"fusion-responsive-typography-calculated\" style=\"--fontsize: 22; line-height: 1; --minfontsize: 22;\" data-fontsize=\"22\" data-lineheight=\"22px\">Zytglogge<\/h5>\n<\/div><\/div><\/div><div class=\"fusion-layout-column fusion_builder_column fusion-builder-column-4 fusion_builder_column_1_3 1_3 fusion-flex-column\" style=\"--awb-padding-top:23%;--awb-padding-right:15%;--awb-padding-bottom:15%;--awb-padding-left:15%;--awb-bg-color:#2b3136;--awb-bg-color-hover:#2b3136;--awb-bg-size:cover;--awb-width-large:33.333333333333%;--awb-margin-top-large:0px;--awb-spacing-right-large:0px;--awb-margin-bottom-large:0px;--awb-spacing-left-large:0px;--awb-width-medium:50%;--awb-spacing-right-medium:0px;--awb-spacing-left-medium:0px;--awb-width-small:100%;--awb-spacing-right-small:0px;--awb-spacing-left-small:0px;\"><div class=\"fusion-column-wrapper fusion-flex-justify-content-flex-start fusion-content-layout-column\"><div class=\"fusion-text fusion-text-5\" style=\"--awb-text-transform:none;\"><p class=\"fusion-responsive-typography-calculated\" style=\"--fontsize: 24; --minfontsize: 24; line-height: 28.5px; font-size: 19px;\" data-fontsize=\"24\" data-lineheight=\"28.8px\" data-fusion-font=\"true\">Johann K\u00fcnzle ist neben Sebastian Kneipp der bedeutendste Kr\u00e4uterpfarrer im deutschsprachigen Raum. Er geh\u00f6rt zu den Wegbereitern der modernen Pflanzenheilkunde.<\/p>\n<\/div><\/div><\/div><div class=\"fusion-layout-column fusion_builder_column fusion-builder-column-5 fusion_builder_column_1_3 1_3 fusion-flex-column fusion-flex-align-self-stretch\" style=\"--awb-bg-position:center center;--awb-bg-blend:overlay;--awb-bg-size:cover;--awb-width-large:33.333333333333%;--awb-margin-top-large:0px;--awb-spacing-right-large:0px;--awb-margin-bottom-large:0px;--awb-spacing-left-large:0px;--awb-width-medium:50%;--awb-spacing-right-medium:0px;--awb-spacing-left-medium:0px;--awb-width-small:100%;--awb-spacing-right-small:0px;--awb-spacing-left-small:0px;\"><div class=\"fusion-column-wrapper fusion-flex-justify-content-center fusion-content-layout-row fusion-flex-align-items-center\"><div class=\"fusion-image-element \" style=\"--awb-bottom-shadow-color:var(--awb-color7);--awb-margin-top:25px;--awb-margin-bottom:25px;--awb-caption-title-font-family:var(--h2_typography-font-family);--awb-caption-title-font-weight:var(--h2_typography-font-weight);--awb-caption-title-font-style:var(--h2_typography-font-style);--awb-caption-title-size:var(--h2_typography-font-size);--awb-caption-title-transform:var(--h2_typography-text-transform);--awb-caption-title-line-height:var(--h2_typography-line-height);--awb-caption-title-letter-spacing:var(--h2_typography-letter-spacing);\"><div class=\"awb-image-frame awb-image-frame-2 imageframe-liftup awb-bottomshadow\"><span class=\" fusion-imageframe imageframe-bottomshadow imageframe-2\" style=\"border:5px solid #474544;\"><a class=\"fusion-no-lightbox\" href=\"https:\/\/www.zytglogge.ch\/marianne-kuenzle-uns-menschen-in-den-weg-gestreut-978-3-7296-0952-5\" target=\"_blank\" aria-label=\"Buch-UMIDWG\" rel=\"noopener noreferrer\"><img decoding=\"async\" width=\"269\" height=\"445\" src=\"https:\/\/mariannekuenzle.ch\/wordpress\/wp-content\/uploads\/2021\/12\/Buch-UMIDWG.jpg\" alt class=\"img-responsive wp-image-1184\" srcset=\"https:\/\/mariannekuenzle.ch\/wordpress\/wp-content\/uploads\/2021\/12\/Buch-UMIDWG-200x331.jpg 200w, https:\/\/mariannekuenzle.ch\/wordpress\/wp-content\/uploads\/2021\/12\/Buch-UMIDWG.jpg 269w\" sizes=\"(max-width: 640px) 100vw, 269px\" \/><\/a><\/span><svg xmlns=\"http:\/\/www.w3.org\/2000\/svg\" version=\"1.1\" width=\"100%\" viewBox=\"0 0 600 28\" preserveAspectRatio=\"none\"><g clip-path=\"url(#a)\"><mask id=\"b\" style=\"mask-type:luminance\" maskUnits=\"userSpaceOnUse\" x=\"0\" y=\"0\" width=\"600\" height=\"28\"><path d=\"M0 0h600v28H0V0Z\" fill=\"#fff\"\/><\/mask><g filter=\"url(#c)\" mask=\"url(#b)\"><path d=\"M16.439-18.667h567.123v30.8S438.961-8.4 300-8.4C161.04-8.4 16.438 12.133 16.438 12.133v-30.8Z\" fill=\"#000\"\/><\/g><\/g><defs><clipPath id=\"a\"><path fill=\"#fff\" d=\"M0 0h600v28H0z\"\/><\/clipPath><filter id=\"c\" x=\"5.438\" y=\"-29.667\" width=\"589.123\" height=\"52.8\" filterUnits=\"userSpaceOnUse\" color-interpolation-filters=\"sRGB\"><feFlood flood-opacity=\"0\" result=\"BackgroundImageFix\"\/><feBlend in=\"SourceGraphic\" in2=\"BackgroundImageFix\" result=\"shape\"\/><feGaussianBlur stdDeviation=\"5.5\" result=\"effect1_foregroundBlur_3983_183\"\/><\/filter><\/defs><\/svg><\/div><\/div><\/div><\/div><\/div><\/div><\/p>\n","protected":false},"excerpt":{"rendered":"","protected":false},"author":1,"featured_media":0,"parent":0,"menu_order":0,"comment_status":"closed","ping_status":"closed","template":"","meta":{"footnotes":""},"class_list":["post-1028","page","type-page","status-publish","hentry"],"_links":{"self":[{"href":"https:\/\/mariannekuenzle.ch\/wordpress\/wp-json\/wp\/v2\/pages\/1028","targetHints":{"allow":["GET"]}}],"collection":[{"href":"https:\/\/mariannekuenzle.ch\/wordpress\/wp-json\/wp\/v2\/pages"}],"about":[{"href":"https:\/\/mariannekuenzle.ch\/wordpress\/wp-json\/wp\/v2\/types\/page"}],"author":[{"embeddable":true,"href":"https:\/\/mariannekuenzle.ch\/wordpress\/wp-json\/wp\/v2\/users\/1"}],"replies":[{"embeddable":true,"href":"https:\/\/mariannekuenzle.ch\/wordpress\/wp-json\/wp\/v2\/comments?post=1028"}],"version-history":[{"count":72,"href":"https:\/\/mariannekuenzle.ch\/wordpress\/wp-json\/wp\/v2\/pages\/1028\/revisions"}],"predecessor-version":[{"id":2322,"href":"https:\/\/mariannekuenzle.ch\/wordpress\/wp-json\/wp\/v2\/pages\/1028\/revisions\/2322"}],"wp:attachment":[{"href":"https:\/\/mariannekuenzle.ch\/wordpress\/wp-json\/wp\/v2\/media?parent=1028"}],"curies":[{"name":"wp","href":"https:\/\/api.w.org\/{rel}","templated":true}]}}