{"id":1310,"date":"2021-12-13T20:25:21","date_gmt":"2021-12-13T20:25:21","guid":{"rendered":"https:\/\/mariannekuenzle.ch.94-231-94-132.preview14.servertown.ch\/wordpress\/?page_id=1310"},"modified":"2026-04-19T17:06:29","modified_gmt":"2026-04-19T17:06:29","slug":"da-hinauf","status":"publish","type":"page","link":"https:\/\/mariannekuenzle.ch\/wordpress\/da-hinauf\/","title":{"rendered":"Da hinauf"},"content":{"rendered":"<div class=\"fusion-fullwidth fullwidth-box fusion-builder-row-1 fusion-flex-container hundred-percent-fullwidth non-hundred-percent-height-scrolling\" style=\"--awb-background-position:left top;--awb-border-sizes-top:0px;--awb-border-sizes-bottom:0px;--awb-border-sizes-left:0px;--awb-border-sizes-right:0px;--awb-border-radius-top-left:0px;--awb-border-radius-top-right:0px;--awb-border-radius-bottom-right:0px;--awb-border-radius-bottom-left:0px;--awb-padding-top:0px;--awb-padding-right:0px;--awb-padding-bottom:0px;--awb-padding-left:0px;--awb-flex-wrap:wrap;\" ><div class=\"fusion-builder-row fusion-row fusion-flex-align-items-stretch fusion-flex-content-wrap\" style=\"width:calc( 100% + 0px ) !important;max-width:calc( 100% + 0px ) !important;margin-left: calc(-0px \/ 2 );margin-right: calc(-0px \/ 2 );\"><div class=\"fusion-layout-column fusion_builder_column fusion-builder-column-0 fusion_builder_column_2_3 2_3 fusion-flex-column\" style=\"--awb-padding-top:10%;--awb-padding-right:10%;--awb-padding-bottom:10%;--awb-padding-left:10%;--awb-bg-blend:overlay;--awb-bg-size:cover;--awb-width-large:66.666666666667%;--awb-margin-top-large:0px;--awb-spacing-right-large:0px;--awb-margin-bottom-large:0px;--awb-spacing-left-large:0px;--awb-width-medium:66.666666666667%;--awb-spacing-right-medium:0px;--awb-spacing-left-medium:0px;--awb-width-small:100%;--awb-spacing-right-small:0px;--awb-spacing-left-small:0px;\"><div class=\"fusion-column-wrapper fusion-flex-justify-content-center fusion-content-layout-column\"><div class=\"fusion-text fusion-text-1\" style=\"--awb-text-transform:none;\"><h3 class=\"fusion-responsive-typography-calculated\" style=\"--fontsize: 34; line-height: 1.1;\" data-fontsize=\"34\" data-lineheight=\"37.4px\">Zwei Frauen &#8211; zwei Zeiten &#8211; ein Berg.<\/h3>\n<h5 class=\"fusion-responsive-typography-calculated\" style=\"--fontsize: 22; line-height: 1; --minfontsize: 22;\" data-fontsize=\"22\" data-lineheight=\"22px\"><\/h5>\n<h5 class=\"fusion-responsive-typography-calculated\" style=\"--fontsize: 22; line-height: 1; --minfontsize: 22;\" data-fontsize=\"22\" data-lineheight=\"22px\">Eine Bergtour. Ein schmelzender Gletscher. Tauender Permafrost.<br \/>\n\u00bbDa hinauf\u00ab ist die dramatische Geschichte zweier Frauen, deren Wege sich kreuzen, die sich aber nie kennenlernen.<\/h5>\n<p class=\"\">Auf einer Bergtour entdeckt Annina, eine junge Journalistin, eine Leiche, die der Gletscher freigegeben hat. Der Kleidung nach muss die Tote Jahrzehnte im Eis eingeschlossen gewesen sein. Die tote Frau ist Irma, die in den F\u00fcnfzigerjahren hier gewandert ist.<\/p>\n<p class=\"\">Irma und Annina begehen zeitlich verschoben denselben Weg. Ihre Wahrnehmung ist aber eine g\u00e4nzlich andere, ihr Zugang zu sich selbst und der Landschaft unterschiedlich. Annina sucht ihren Platz in der Gesellschaft und muss sich selbst erst kennenlernen, Irma handelt intuitiv, sie lebt und verteidigt ihre Ideale.<\/p>\n<p class=\"\">Die Gestalt des Gletschers hat sich von Irma zu Annina drastisch gewandelt \u2013 in den F\u00fcnfzigerjahren ist der Gletscher ein wei\u00dfer Koloss, im Heute h\u00f6ren wir ihn tropfen, br\u00f6ckeln. Nur einzelne Anhaltspunkte wie die Bergkulisse, eine Weggabelung oder ein markanter Felsblock in der Landschaft, auf die die beiden Frauen treffen, sind unver\u00e4ndert. Eine mal stille, mal akustisch pr\u00e4sente Natur umgibt die beiden Frauen.<\/p>\n<p class=\"\">Da hinauf wurde 2024\/25 ins Italienische und Spanische \u00fcbersetzt:<\/p>\n<h3>Ghiaccio<\/h3>\n<p><a href=\"https:\/\/postmetropolis.com\/producto\/el-glaciar-blanco-brillante\/\">Roman<\/a>. Editore Armando Dad\u00f2 (\u00fcbersetzt von Gabriella de\u2018 Grandi)<\/p>\n<h3>El Glaciar. Blanco, brillante<\/h3>\n<p><a href=\"https:\/\/postmetropolis.com\/producto\/el-glaciar-blanco-brillante\/\">Roman<\/a>. Postmetropolis (\u00fcbersetzt von Raquel Ruiz)<\/p>\n<\/div><div class=\"fusion-separator fusion-full-width-sep\" style=\"align-self: center;margin-left: auto;margin-right: auto;margin-top:30px;width:100%;\"><\/div><div ><a class=\"fusion-button button-flat fusion-button-default-size button-default fusion-button-default button-1 fusion-button-span-no fusion-button-span-default-medium fusion-button-default-type\" style=\"--button-border-radius-top-left:25px;--button-border-radius-top-right:25px;--button-border-radius-bottom-right:25px;--button-border-radius-bottom-left:25px;\" target=\"_blank\" rel=\"noopener noreferrer\" href=\"https:\/\/www.libromania.ch\/detail\/ISBN-9783755600121\/K%C3%BCnzle-Marianne\/Da-hinauf\"><span class=\"fusion-button-text awb-button__text awb-button__text--default\">Hier bestellen<\/span><\/a><\/div><div class=\"fusion-text fusion-text-2\" style=\"--awb-margin-top:10px;\"><p>Oder in der Buchhandlung Ihrer Wahl.<\/p>\n<\/div><\/div><\/div><div class=\"fusion-layout-column fusion_builder_column fusion-builder-column-1 fusion_builder_column_1_3 1_3 fusion-flex-column\" style=\"--awb-padding-top:125px;--awb-bg-size:cover;--awb-width-large:33.333333333333%;--awb-margin-top-large:0px;--awb-spacing-right-large:0px;--awb-margin-bottom-large:20px;--awb-spacing-left-large:0px;--awb-width-medium:33.333333333333%;--awb-order-medium:0;--awb-spacing-right-medium:0px;--awb-spacing-left-medium:0px;--awb-width-small:100%;--awb-order-small:0;--awb-spacing-right-small:0px;--awb-spacing-left-small:0px;\"><div class=\"fusion-column-wrapper fusion-column-has-shadow fusion-flex-justify-content-center fusion-content-layout-row\"><div class=\"fusion-image-element \" style=\"--awb-liftup-border-radius:0px;--awb-caption-title-font-family:var(--h2_typography-font-family);--awb-caption-title-font-weight:var(--h2_typography-font-weight);--awb-caption-title-font-style:var(--h2_typography-font-style);--awb-caption-title-size:var(--h2_typography-font-size);--awb-caption-title-transform:var(--h2_typography-text-transform);--awb-caption-title-line-height:var(--h2_typography-line-height);--awb-caption-title-letter-spacing:var(--h2_typography-letter-spacing);\"><div class=\"awb-image-frame awb-image-frame-1 imageframe-liftup\"><span class=\" fusion-imageframe imageframe-dropshadow imageframe-1\" style=\"border:5px solid var(--awb-color3);-webkit-box-shadow: 9px 9px 13px var(--awb-color7);box-shadow: 9px 9px 13px var(--awb-color7);\"><a class=\"fusion-no-lightbox\" href=\"https:\/\/www.libromania.ch\/detail\/ISBN-9783755600121\/K%C3%BCnzle-Marianne\/Da-hinauf\" target=\"_blank\" aria-label=\"T-Kuenzle_Da hinauf.indd\" rel=\"noopener noreferrer\"><img decoding=\"async\" width=\"250\" height=\"413\" src=\"https:\/\/mariannekuenzle.ch\/wordpress\/wp-content\/uploads\/2021\/12\/DaHinaufBuch-1-von-1-2-scaled-e1639334590297.jpg\" alt class=\"img-responsive wp-image-1182\"\/><\/a><\/span><\/div><\/div><div class=\"fusion-separator fusion-full-width-sep\" style=\"align-self: center;margin-left: auto;margin-right: auto;margin-bottom:5px;width:100%;\"><div class=\"fusion-separator-border sep-double\" style=\"--awb-height:20px;--awb-amount:20px;border-color:var(--awb-color3);border-top-width:0px;border-bottom-width:0px;\"><\/div><\/div><\/div><\/div><\/div><\/div>\n","protected":false},"excerpt":{"rendered":"","protected":false},"author":1,"featured_media":0,"parent":0,"menu_order":0,"comment_status":"closed","ping_status":"closed","template":"","meta":{"footnotes":""},"class_list":["post-1310","page","type-page","status-publish","hentry"],"_links":{"self":[{"href":"https:\/\/mariannekuenzle.ch\/wordpress\/wp-json\/wp\/v2\/pages\/1310","targetHints":{"allow":["GET"]}}],"collection":[{"href":"https:\/\/mariannekuenzle.ch\/wordpress\/wp-json\/wp\/v2\/pages"}],"about":[{"href":"https:\/\/mariannekuenzle.ch\/wordpress\/wp-json\/wp\/v2\/types\/page"}],"author":[{"embeddable":true,"href":"https:\/\/mariannekuenzle.ch\/wordpress\/wp-json\/wp\/v2\/users\/1"}],"replies":[{"embeddable":true,"href":"https:\/\/mariannekuenzle.ch\/wordpress\/wp-json\/wp\/v2\/comments?post=1310"}],"version-history":[{"count":91,"href":"https:\/\/mariannekuenzle.ch\/wordpress\/wp-json\/wp\/v2\/pages\/1310\/revisions"}],"predecessor-version":[{"id":2365,"href":"https:\/\/mariannekuenzle.ch\/wordpress\/wp-json\/wp\/v2\/pages\/1310\/revisions\/2365"}],"wp:attachment":[{"href":"https:\/\/mariannekuenzle.ch\/wordpress\/wp-json\/wp\/v2\/media?parent=1310"}],"curies":[{"name":"wp","href":"https:\/\/api.w.org\/{rel}","templated":true}]}}