{"id":1312,"date":"2021-12-13T20:26:13","date_gmt":"2021-12-13T20:26:13","guid":{"rendered":"https:\/\/mariannekuenzle.ch.94-231-94-132.preview14.servertown.ch\/wordpress\/?page_id=1312"},"modified":"2022-01-10T22:28:03","modified_gmt":"2022-01-10T22:28:03","slug":"uns-menschen-in-den-weg-gestreut","status":"publish","type":"page","link":"https:\/\/mariannekuenzle.ch\/wordpress\/uns-menschen-in-den-weg-gestreut\/","title":{"rendered":"Uns Menschen in den Weg gestreut"},"content":{"rendered":"<div class=\"fusion-fullwidth fullwidth-box fusion-builder-row-1 fusion-flex-container hundred-percent-fullwidth non-hundred-percent-height-scrolling\" style=\"--awb-background-position:left top;--awb-border-sizes-top:0px;--awb-border-sizes-bottom:0px;--awb-border-sizes-left:0px;--awb-border-sizes-right:0px;--awb-border-radius-top-left:0px;--awb-border-radius-top-right:0px;--awb-border-radius-bottom-right:0px;--awb-border-radius-bottom-left:0px;--awb-padding-top:0px;--awb-padding-right:0px;--awb-padding-bottom:0px;--awb-padding-left:0px;--awb-flex-wrap:wrap;\" ><div class=\"fusion-builder-row fusion-row fusion-flex-align-items-stretch fusion-flex-content-wrap\" style=\"width:calc( 100% + 0px ) !important;max-width:calc( 100% + 0px ) !important;margin-left: calc(-0px \/ 2 );margin-right: calc(-0px \/ 2 );\"><div class=\"fusion-layout-column fusion_builder_column fusion-builder-column-0 fusion_builder_column_2_3 2_3 fusion-flex-column\" style=\"--awb-padding-top:0%;--awb-padding-right:10%;--awb-padding-bottom:10%;--awb-padding-left:10%;--awb-bg-blend:overlay;--awb-bg-size:cover;--awb-width-large:66.666666666667%;--awb-margin-top-large:0px;--awb-spacing-right-large:0px;--awb-margin-bottom-large:0px;--awb-spacing-left-large:0px;--awb-width-medium:66.666666666667%;--awb-spacing-right-medium:0px;--awb-spacing-left-medium:0px;--awb-width-small:100%;--awb-spacing-right-small:0px;--awb-spacing-left-small:0px;\"><div class=\"fusion-column-wrapper fusion-flex-justify-content-center fusion-content-layout-column\"><div class=\"fusion-text fusion-text-1\" style=\"--awb-text-transform:none;\"><h3 class=\"fusion-responsive-typography-calculated\" style=\"--fontsize: 34; line-height: 1.1;\" data-fontsize=\"34\" data-lineheight=\"37.4px\">Leben und Wirken des Johann K\u00fcnzle<\/h3>\n<ul>\n<li>\n<h5 class=\"fusion-responsive-typography-calculated\" style=\"--fontsize: 18; line-height: 1.1; --minfontsize: 18;\" data-fontsize=\"18\" data-lineheight=\"19.8px\">Biographischer Roman \u00fcber den legend\u00e4ren Kr\u00e4uterpfarrer<\/h5>\n<\/li>\n<li>\n<h5 class=\"fusion-responsive-typography-calculated\" style=\"--fontsize: 18; line-height: 1.1; --minfontsize: 18;\" data-fontsize=\"18\" data-lineheight=\"19.8px\">Unverg\u00e4ngliches, hochaktuelles Wirken einer Schweizer Pers\u00f6nlichkeit<\/h5>\n<\/li>\n<li>\n<h5 class=\"fusion-responsive-typography-calculated\" style=\"--fontsize: 18; line-height: 1.1; --minfontsize: 18;\" data-fontsize=\"18\" data-lineheight=\"19.8px\">Anregendes Zeitportr\u00e4t der Schweiz zu Beginn des <br \/>20. Jahrhunderts<\/h5>\n<\/li>\n<\/ul>\n<p>Johann K\u00fcnzle ist neben Sebastian Kneipp der bedeutendste Kr\u00e4uterpfarrer im deutschsprachigen Raum. Er geh\u00f6rt zu den Wegbereitern der modernen Pflanzenheilkunde. International bekannt wurde er sp\u00e4testens 1919, als in der Schweiz Tausende, weltweit Millionen von Menschen an der Spanischen Grippe starben \u2013 nur in der Sankt Gallischen Pfarrgemeinde Wangs starb niemand, denn hier tranken alle eine von K\u00fcnzle angefertigte Teemischung.<\/p>\n<p>Neben seiner T\u00e4tigkeit als Pfarrer nutzt Johann K\u00fcnzle sein immenses Wissen \u00fcber Pflanzen, er behandelt Kranke mit Kr\u00e4uteranwendungen und motiviert seine Besucher zur Selbsthilfe. Dank ihm wird das Kr\u00e4utersammeln in der armen l\u00e4ndlichen Gemeinde zum florierenden Gesch\u00e4ft, viele Dorfbewohner finden ein zus\u00e4tzliches Auskommen. Ein Volksbad wird errichtet, es entsteht ein Kr\u00e4utermarkt mit nationaler Ausstrahlung, selbst ein Kurhaus wird gebaut. K\u00fcnzles B\u00fcchlein \u00abChrut und Uchrut\u00bb (1911) avanciert zum internationalen Bestseller. Aber nicht alle sehen das gerne: Neider schw\u00e4rzen K\u00fcnzle beim Bischof an. Auch Doktor Pradin, motiviert durch eine private Angelegenheit und durch K\u00fcnzles Kritik an der modernen Medizin, hegt eine Abneigung gegen den Dorfpfarrer. Der Vorwurf der Kurpfuscherei und abergl\u00e4ubischer Pendel-Methoden wird lauter.<\/p>\n<p>Marianne K\u00fcnzle, trotz Namensgleichheit nicht mit dem Pfarrer verwandt, widmet sich in ihrem sorgf\u00e4ltig recherchierten Roman den bedeutsamen Jahren von K\u00fcnzle und zeichnet ein vielschichtiges Bild des umtriebigen Pfarrers, der politischen Debatte, die sein Schaffen ausl\u00f6st und des sehr bewegten Anfangs des letzten Jahrhunderts.<\/p>\n<\/div><div class=\"fusion-separator fusion-full-width-sep\" style=\"align-self: center;margin-left: auto;margin-right: auto;margin-top:30px;width:100%;\"><\/div><div ><a class=\"fusion-button button-flat fusion-button-default-size button-default fusion-button-default button-1 fusion-button-span-no fusion-button-default-type\" style=\"--button-border-radius-top-left:25px;--button-border-radius-top-right:25px;--button-border-radius-bottom-right:25px;--button-border-radius-bottom-left:25px;\" target=\"_blank\" rel=\"noopener noreferrer\" title=\"Roman &quot;Uns Menschen in den Weg gestreut&quot; bestellen\" aria-label=\"Roman &quot;Uns Menschen in den Weg gestreut&quot; bestellen\" href=\"https:\/\/www.zytglogge.ch\/marianne-kuenzle-uns-menschen-in-den-weg-gestreut-978-3-7296-0952-5\"><span class=\"fusion-button-text awb-button__text awb-button__text--default\">Hier bestellen<\/span><\/a><\/div><div class=\"fusion-text fusion-text-2\" style=\"--awb-margin-top:10px;\"><p>Oder in der Buchhandlung Ihrer Wahl.<\/p>\n<\/div><\/div><\/div><div class=\"fusion-layout-column fusion_builder_column fusion-builder-column-1 fusion_builder_column_1_3 1_3 fusion-flex-column\" style=\"--awb-padding-top:49px;--awb-bg-size:cover;--awb-width-large:33.333333333333%;--awb-margin-top-large:0px;--awb-spacing-right-large:0px;--awb-margin-bottom-large:20px;--awb-spacing-left-large:0px;--awb-width-medium:33.333333333333%;--awb-order-medium:0;--awb-spacing-right-medium:0px;--awb-spacing-left-medium:0px;--awb-width-small:100%;--awb-order-small:0;--awb-spacing-right-small:0px;--awb-spacing-left-small:0px;\"><div class=\"fusion-column-wrapper fusion-column-has-shadow fusion-flex-justify-content-center fusion-content-layout-row\"><div class=\"fusion-image-element \" style=\"--awb-liftup-border-radius:0px;--awb-caption-title-font-family:var(--h2_typography-font-family);--awb-caption-title-font-weight:var(--h2_typography-font-weight);--awb-caption-title-font-style:var(--h2_typography-font-style);--awb-caption-title-size:var(--h2_typography-font-size);--awb-caption-title-transform:var(--h2_typography-text-transform);--awb-caption-title-line-height:var(--h2_typography-line-height);--awb-caption-title-letter-spacing:var(--h2_typography-letter-spacing);\"><div class=\"awb-image-frame awb-image-frame-1 imageframe-liftup\"><span class=\" fusion-imageframe imageframe-dropshadow imageframe-1\" style=\"border:5px solid var(--awb-color3);-webkit-box-shadow: 9px 9px 13px var(--awb-color7);box-shadow: 9px 9px 13px var(--awb-color7);\"><a class=\"fusion-no-lightbox\" href=\"https:\/\/www.zytglogge.ch\/marianne-kuenzle-uns-menschen-in-den-weg-gestreut-978-3-7296-0952-5\" target=\"_blank\" aria-label=\"Buch-UMIDWG\" rel=\"noopener noreferrer\"><img decoding=\"async\" width=\"269\" height=\"445\" src=\"https:\/\/mariannekuenzle.ch\/wordpress\/wp-content\/uploads\/2021\/12\/Buch-UMIDWG.jpg\" alt class=\"img-responsive wp-image-1184\" srcset=\"https:\/\/mariannekuenzle.ch\/wordpress\/wp-content\/uploads\/2021\/12\/Buch-UMIDWG-200x331.jpg 200w, https:\/\/mariannekuenzle.ch\/wordpress\/wp-content\/uploads\/2021\/12\/Buch-UMIDWG.jpg 269w\" sizes=\"(max-width: 640px) 100vw, 269px\" \/><\/a><\/span><\/div><\/div><div class=\"fusion-separator fusion-full-width-sep\" style=\"align-self: center;margin-left: auto;margin-right: auto;margin-top:40px;margin-bottom:20px;width:100%;\"><div class=\"fusion-separator-border sep-double\" style=\"--awb-height:20px;--awb-amount:20px;border-color:var(--awb-color3);border-top-width:0px;border-bottom-width:0px;\"><\/div><\/div><\/div><\/div><\/div><\/div>\n","protected":false},"excerpt":{"rendered":"","protected":false},"author":1,"featured_media":0,"parent":0,"menu_order":0,"comment_status":"closed","ping_status":"closed","template":"","meta":{"footnotes":""},"class_list":["post-1312","page","type-page","status-publish","hentry"],"_links":{"self":[{"href":"https:\/\/mariannekuenzle.ch\/wordpress\/wp-json\/wp\/v2\/pages\/1312","targetHints":{"allow":["GET"]}}],"collection":[{"href":"https:\/\/mariannekuenzle.ch\/wordpress\/wp-json\/wp\/v2\/pages"}],"about":[{"href":"https:\/\/mariannekuenzle.ch\/wordpress\/wp-json\/wp\/v2\/types\/page"}],"author":[{"embeddable":true,"href":"https:\/\/mariannekuenzle.ch\/wordpress\/wp-json\/wp\/v2\/users\/1"}],"replies":[{"embeddable":true,"href":"https:\/\/mariannekuenzle.ch\/wordpress\/wp-json\/wp\/v2\/comments?post=1312"}],"version-history":[{"count":35,"href":"https:\/\/mariannekuenzle.ch\/wordpress\/wp-json\/wp\/v2\/pages\/1312\/revisions"}],"predecessor-version":[{"id":2006,"href":"https:\/\/mariannekuenzle.ch\/wordpress\/wp-json\/wp\/v2\/pages\/1312\/revisions\/2006"}],"wp:attachment":[{"href":"https:\/\/mariannekuenzle.ch\/wordpress\/wp-json\/wp\/v2\/media?parent=1312"}],"curies":[{"name":"wp","href":"https:\/\/api.w.org\/{rel}","templated":true}]}}