{"id":2342,"date":"2026-04-19T15:30:55","date_gmt":"2026-04-19T15:30:55","guid":{"rendered":"https:\/\/mariannekuenzle.ch\/wordpress\/?page_id=2342"},"modified":"2026-04-19T16:46:11","modified_gmt":"2026-04-19T16:46:11","slug":"der-rasen-in-guwarra-heights","status":"publish","type":"page","link":"https:\/\/mariannekuenzle.ch\/wordpress\/der-rasen-in-guwarra-heights\/","title":{"rendered":"Der Rasen in Guwarra Heights"},"content":{"rendered":"<div class=\"fusion-fullwidth fullwidth-box fusion-builder-row-1 fusion-flex-container hundred-percent-fullwidth non-hundred-percent-height-scrolling\" style=\"--awb-background-position:left top;--awb-border-sizes-top:0px;--awb-border-sizes-bottom:0px;--awb-border-sizes-left:0px;--awb-border-sizes-right:0px;--awb-border-radius-top-left:0px;--awb-border-radius-top-right:0px;--awb-border-radius-bottom-right:0px;--awb-border-radius-bottom-left:0px;--awb-padding-top:0px;--awb-padding-right:0px;--awb-padding-bottom:0px;--awb-padding-left:0px;--awb-flex-wrap:wrap;\" ><div class=\"fusion-builder-row fusion-row fusion-flex-align-items-stretch fusion-flex-content-wrap\" style=\"width:calc( 100% + 0px ) !important;max-width:calc( 100% + 0px ) !important;margin-left: calc(-0px \/ 2 );margin-right: calc(-0px \/ 2 );\"><div class=\"fusion-layout-column fusion_builder_column fusion-builder-column-0 fusion_builder_column_2_3 2_3 fusion-flex-column\" style=\"--awb-padding-top:0%;--awb-padding-right:10%;--awb-padding-bottom:10%;--awb-padding-left:10%;--awb-bg-blend:overlay;--awb-bg-size:cover;--awb-width-large:66.666666666667%;--awb-margin-top-large:0px;--awb-spacing-right-large:0px;--awb-margin-bottom-large:0px;--awb-spacing-left-large:0px;--awb-width-medium:66.666666666667%;--awb-spacing-right-medium:0px;--awb-spacing-left-medium:0px;--awb-width-small:100%;--awb-spacing-right-small:0px;--awb-spacing-left-small:0px;\"><div class=\"fusion-column-wrapper fusion-flex-justify-content-center fusion-content-layout-column\"><div class=\"fusion-text fusion-text-1\" style=\"--awb-text-transform:none;\"><h3 class=\"\" style=\"--fontsize: 34; line-height: 1.1;\" data-fontsize=\"34\" data-lineheight=\"37.4px\">Ein eindringlicher, dringlicher Roman<\/h3>\n<p>&nbsp;<\/p>\n<p>Als Gerda w\u00e4hrend ihres Studiums in Australien Besuch von ihren Eltern bekommt, deutet noch nichts darauf hin, dass sich ihre Eltern sp\u00e4ter selbst in Down Under niederlassen w\u00fcrden &#8211; sie kaufen eine Farm in Guwarra Heights. So gerne sich Gerda dort aufh\u00e4lt und den Eltern bei der artgerechten Aufzucht von H\u00fchnchen hilft, so sehr zieht es sie zur\u00fcck nach Bern, wo sie lebt und arbeitet. Anders verh\u00e4lt es sich Monate sp\u00e4ter.<br \/>\n\u00dcber Neujahr zu Besuch in Guwarra Heights, brechen infernalische Feuerbr\u00fcnste \u00fcber das Land herein, haushohe Feuerwalzen rollen \u00fcber Wald und Flur, Australien ist im Ausnahmezustand. Auch die Farm droht den Flammen zum Opfer zu fallen. Das St\u00fcck Rasen vor dem Haus ihrer Eltern wird zum Refugium f\u00fcr Wildtiere, V\u00f6gel, K\u00e4ngurus und Reptilien. Dieses verzweifelte Beieinander der Tiere, sonst J\u00e4ger und Gejagte, pr\u00e4gt sich Gerda ein: Ein Bild von den Folgen der Erderw\u00e4rmung, der Ignoranz im Umgang mit der Klimakrise. Zur\u00fcck in der Schweiz ist Gerda verzweifelt. Ihre Sorge um die Natur, ihre Zuneigung zu Flora und Fauna steigern sich zu einem umfassenden Lebensgef\u00fchl, und sie ist bereit, pers\u00f6nliche Konsequenzen zu ziehen. Ein rettendes St\u00fcck Rasen br\u00e4uchte sie jetzt auch f\u00fcr sich selbst &#8230;<br \/>\nMarianne K\u00fcnzle beschreibt in ihrem neuen Roman die schwierige Balance von Gewissen und Tat. Was ist richtig, und was ist f\u00fcr mich richtig? Die sinnliche Beschreibung von Tieren und ihrer Lebensart schmiegt sich nahtlos an die gro\u00dfe Katastrophe &#8211; die pers\u00f6nliche und die der Umwelt.<\/p>\n<\/div><div class=\"fusion-separator fusion-full-width-sep\" style=\"align-self: center;margin-left: auto;margin-right: auto;margin-top:30px;width:100%;\"><\/div><div ><a class=\"fusion-button button-flat fusion-button-default-size button-default fusion-button-default button-1 fusion-button-span-no fusion-button-default-type\" style=\"--button-border-radius-top-left:25px;--button-border-radius-top-right:25px;--button-border-radius-bottom-right:25px;--button-border-radius-bottom-left:25px;\" target=\"_blank\" rel=\"noopener noreferrer\" href=\"https:\/\/hauptbuchhandlung.ch\/der-rasen-in-guwarra-heights\/23151466611\"><span class=\"fusion-button-text awb-button__text awb-button__text--default\">Hier bestellen<\/span><\/a><\/div><div class=\"fusion-text fusion-text-2\" style=\"--awb-margin-top:10px;\"><p>Oder in der Buchhandlung Ihrer Wahl.<\/p>\n<\/div><\/div><\/div><div class=\"fusion-layout-column fusion_builder_column fusion-builder-column-1 fusion_builder_column_1_3 1_3 fusion-flex-column\" style=\"--awb-padding-top:49px;--awb-bg-size:cover;--awb-width-large:33.333333333333%;--awb-margin-top-large:0px;--awb-spacing-right-large:0px;--awb-margin-bottom-large:20px;--awb-spacing-left-large:0px;--awb-width-medium:33.333333333333%;--awb-order-medium:0;--awb-spacing-right-medium:0px;--awb-spacing-left-medium:0px;--awb-width-small:100%;--awb-order-small:0;--awb-spacing-right-small:0px;--awb-spacing-left-small:0px;\" data-scroll-devices=\"small-visibility,medium-visibility,large-visibility\"><div class=\"fusion-column-wrapper fusion-column-has-shadow fusion-flex-justify-content-center fusion-content-layout-row\"><div class=\"fusion-separator fusion-full-width-sep\" style=\"align-self: center;margin-left: auto;margin-right: auto;margin-top:40px;margin-bottom:20px;width:100%;\"><div class=\"fusion-separator-border sep-double\" style=\"--awb-height:20px;--awb-amount:20px;border-color:var(--awb-color3);border-top-width:0px;border-bottom-width:0px;\"><\/div><\/div><div class=\"fusion-image-element \" style=\"--awb-caption-title-font-family:var(--h2_typography-font-family);--awb-caption-title-font-weight:var(--h2_typography-font-weight);--awb-caption-title-font-style:var(--h2_typography-font-style);--awb-caption-title-size:var(--h2_typography-font-size);--awb-caption-title-transform:var(--h2_typography-text-transform);--awb-caption-title-line-height:var(--h2_typography-line-height);--awb-caption-title-letter-spacing:var(--h2_typography-letter-spacing);\"><span class=\" fusion-imageframe imageframe-none imageframe-1 hover-type-none\"><a class=\"fusion-no-lightbox\" href=\"https:\/\/hauptbuchhandlung.ch\/der-rasen-in-guwarra-heights\/23151466611\" target=\"_self\" aria-label=\"Cover_K\u00fcnzle_ retouched\"><img decoding=\"async\" width=\"1251\" height=\"2050\" src=\"https:\/\/mariannekuenzle.ch\/wordpress\/wp-content\/uploads\/2026\/04\/Cover_Kuenzle_-retouched.jpg\" alt class=\"img-responsive wp-image-2356\" srcset=\"https:\/\/mariannekuenzle.ch\/wordpress\/wp-content\/uploads\/2026\/04\/Cover_Kuenzle_-retouched-200x328.jpg 200w, https:\/\/mariannekuenzle.ch\/wordpress\/wp-content\/uploads\/2026\/04\/Cover_Kuenzle_-retouched-400x655.jpg 400w, https:\/\/mariannekuenzle.ch\/wordpress\/wp-content\/uploads\/2026\/04\/Cover_Kuenzle_-retouched-600x983.jpg 600w, https:\/\/mariannekuenzle.ch\/wordpress\/wp-content\/uploads\/2026\/04\/Cover_Kuenzle_-retouched-800x1311.jpg 800w, https:\/\/mariannekuenzle.ch\/wordpress\/wp-content\/uploads\/2026\/04\/Cover_Kuenzle_-retouched-1200x1966.jpg 1200w, https:\/\/mariannekuenzle.ch\/wordpress\/wp-content\/uploads\/2026\/04\/Cover_Kuenzle_-retouched.jpg 1251w\" sizes=\"(max-width: 640px) 100vw, 600px\" \/><\/a><\/span><\/div><\/div><\/div><\/div><\/div>\n","protected":false},"excerpt":{"rendered":"","protected":false},"author":1,"featured_media":0,"parent":0,"menu_order":0,"comment_status":"closed","ping_status":"closed","template":"100-width.php","meta":{"footnotes":""},"class_list":["post-2342","page","type-page","status-publish","hentry"],"_links":{"self":[{"href":"https:\/\/mariannekuenzle.ch\/wordpress\/wp-json\/wp\/v2\/pages\/2342","targetHints":{"allow":["GET"]}}],"collection":[{"href":"https:\/\/mariannekuenzle.ch\/wordpress\/wp-json\/wp\/v2\/pages"}],"about":[{"href":"https:\/\/mariannekuenzle.ch\/wordpress\/wp-json\/wp\/v2\/types\/page"}],"author":[{"embeddable":true,"href":"https:\/\/mariannekuenzle.ch\/wordpress\/wp-json\/wp\/v2\/users\/1"}],"replies":[{"embeddable":true,"href":"https:\/\/mariannekuenzle.ch\/wordpress\/wp-json\/wp\/v2\/comments?post=2342"}],"version-history":[{"count":8,"href":"https:\/\/mariannekuenzle.ch\/wordpress\/wp-json\/wp\/v2\/pages\/2342\/revisions"}],"predecessor-version":[{"id":2359,"href":"https:\/\/mariannekuenzle.ch\/wordpress\/wp-json\/wp\/v2\/pages\/2342\/revisions\/2359"}],"wp:attachment":[{"href":"https:\/\/mariannekuenzle.ch\/wordpress\/wp-json\/wp\/v2\/media?parent=2342"}],"curies":[{"name":"wp","href":"https:\/\/api.w.org\/{rel}","templated":true}]}}