{"id":9,"date":"2015-02-02T19:39:07","date_gmt":"2015-02-02T19:39:07","guid":{"rendered":"https:\/\/avada.theme-fusion.com_demos\/cafe\/?page_id=9"},"modified":"2024-04-30T05:34:41","modified_gmt":"2024-04-30T05:34:41","slug":"autorin","status":"publish","type":"page","link":"https:\/\/mariannekuenzle.ch\/wordpress\/autorin\/","title":{"rendered":"Autorin"},"content":{"rendered":"<p><div class=\"fusion-fullwidth fullwidth-box fusion-builder-row-1 fusion-flex-container hundred-percent-fullwidth non-hundred-percent-height-scrolling\" style=\"--awb-background-position:left top;--awb-border-sizes-top:0px;--awb-border-sizes-bottom:0px;--awb-border-sizes-left:0px;--awb-border-sizes-right:0px;--awb-border-radius-top-left:0px;--awb-border-radius-top-right:0px;--awb-border-radius-bottom-right:0px;--awb-border-radius-bottom-left:0px;--awb-padding-top:0px;--awb-padding-right:0px;--awb-padding-bottom:0px;--awb-padding-left:0px;--awb-background-color:#24292d;--awb-flex-wrap:wrap;\" ><div class=\"fusion-builder-row fusion-row fusion-flex-align-items-stretch fusion-flex-content-wrap\" style=\"width:calc( 100% + 0px ) !important;max-width:calc( 100% + 0px ) !important;margin-left: calc(-0px \/ 2 );margin-right: calc(-0px \/ 2 );\"><div class=\"fusion-layout-column fusion_builder_column fusion-builder-column-0 fusion_builder_column_1_2 1_2 fusion-flex-column\" style=\"--awb-bg-image:url(&#039;https:\/\/mariannekuenzle.ch\/wordpress\/wp-content\/uploads\/2021\/12\/Berge-1-von-1-2-scaled-e1709796291801-1200x963.jpg&#039;);--awb-bg-position:right center;--awb-bg-blend:overlay;--awb-bg-size:cover;--awb-width-large:50%;--awb-margin-top-large:0px;--awb-spacing-right-large:0px;--awb-margin-bottom-large:0px;--awb-spacing-left-large:0px;--awb-width-medium:50%;--awb-order-medium:0;--awb-spacing-right-medium:0px;--awb-spacing-left-medium:0px;--awb-width-small:100%;--awb-order-small:0;--awb-spacing-right-small:0px;--awb-spacing-left-small:0px;\" data-scroll-devices=\"small-visibility,medium-visibility,large-visibility\"><div class=\"fusion-column-wrapper fusion-column-has-shadow fusion-flex-justify-content-flex-start fusion-content-layout-column fusion-empty-column-bg-image fusion-column-has-bg-image\" data-bg-url=\"https:\/\/mariannekuenzle.ch\/wordpress\/wp-content\/uploads\/2021\/12\/Berge-1-von-1-2-scaled-e1709796291801-1200x963.jpg\"><img decoding=\"async\" class=\"fusion-empty-dims-img-placeholder fusion-no-large-visibility fusion-no-medium-visibility\" alt=\"Berge Wallis\" aria-label=\"Schweizer Berge\" src=\"data:image\/svg+xml,%3Csvg%20xmlns%3D%27http%3A%2F%2Fwww.w3.org%2F2000%2Fsvg%27%20width%3D%271200%27%20height%3D%27963%27%20viewBox%3D%270%200%201200%20963%27%3E%3Crect%20width%3D%271200%27%20height%3D%27963%27%20fill-opacity%3D%220%22%2F%3E%3C%2Fsvg%3E\"><\/div><\/div><div class=\"fusion-layout-column fusion_builder_column fusion-builder-column-1 fusion_builder_column_1_2 1_2 fusion-flex-column\" style=\"--awb-padding-top:10%;--awb-padding-right:10%;--awb-padding-bottom:10%;--awb-padding-left:10%;--awb-bg-blend:overlay;--awb-bg-size:cover;--awb-width-large:50%;--awb-margin-top-large:0px;--awb-spacing-right-large:0px;--awb-margin-bottom-large:0px;--awb-spacing-left-large:0px;--awb-width-medium:50%;--awb-spacing-right-medium:0px;--awb-spacing-left-medium:0px;--awb-width-small:100%;--awb-spacing-right-small:0px;--awb-spacing-left-small:0px;\"><div class=\"fusion-column-wrapper fusion-flex-justify-content-center fusion-content-layout-column\"><div class=\"fusion-title title fusion-title-1 fusion-sep-none fusion-title-text fusion-title-size-two\" style=\"--awb-margin-bottom:5px;--awb-margin-top-small:10px;--awb-margin-right-small:0px;--awb-margin-bottom-small:10px;--awb-margin-left-small:0px;--awb-font-size:36px;\"><h2 class=\"fusion-title-heading title-heading-left\" style=\"margin:0;font-size:1em;\">\u00dcber mich<\/h2><\/div><div class=\"fusion-separator\" style=\"align-self: flex-start;margin-right:auto;margin-top:30px;margin-bottom:50px;width:100%;max-width:170px;\"><div class=\"fusion-separator-border sep-single sep-solid\" style=\"--awb-height:20px;--awb-amount:20px;border-color:var(--awb-color3);border-top-width:1px;\"><\/div><\/div><div class=\"fusion-text fusion-text-1\"><p>1973 in Bern geboren. Kindsein an der Peripherie Sch\u00f6nb\u00fchls zwischen modernen Wohnbl\u00f6cken und Waldrand, Intensivlandwirtschaft und letzten Froschhabitaten. Jugendzeit in Jegenstorf. Pr\u00e4gende Lagerfeuer und rauschende Bergb\u00e4che, hochtrabende Tr\u00e4umereien. Es folgen: Mittelschule, Ausbildung zur Buchh\u00e4ndlerin in Bern, Aufenthalte in Irland. Selbst\u00e4ndigkeit und Anstellung im Buchhandel.<\/p>\n<p>2002 vom ehrenamtlichen politischen Engagement Wechsel in den professionellen Umweltschutz. Kampagnenkoordination bei Greenpeace f\u00fcr eine gentechfreie, \u00f6kologische Landwirtschaft.<\/p>\n<p>Internationale Projektarbeit, Auszeit in Australien. Weiterbildungen und Praktika im Landbau, lehrreiche Garten- und Rebjahre und Begegnungen mit Huhn, Ziege, Schafen.<\/p>\n<p>Berufsbegleitende Ausbildung in literarischem Schreiben. Seit 2016 T\u00e4tigkeit als Autorin und Teilzeitangestellte im NPO-Bereich.<\/p>\n<p>Wohnen und Leben im Wallis.<\/p>\n<\/div><\/div><\/div><\/div><\/div><div class=\"fusion-fullwidth fullwidth-box fusion-builder-row-2 fusion-flex-container hundred-percent-fullwidth non-hundred-percent-height-scrolling\" style=\"--awb-background-position:left top;--awb-border-sizes-top:0px;--awb-border-sizes-bottom:0px;--awb-border-sizes-left:0px;--awb-border-sizes-right:0px;--awb-border-radius-top-left:0px;--awb-border-radius-top-right:0px;--awb-border-radius-bottom-right:0px;--awb-border-radius-bottom-left:0px;--awb-padding-top:0px;--awb-padding-right:0px;--awb-padding-bottom:0px;--awb-padding-left:0px;--awb-background-color:#313539;--awb-flex-wrap:wrap;\" ><div class=\"fusion-builder-row fusion-row fusion-flex-align-items-stretch fusion-flex-content-wrap\" style=\"width:calc( 100% + 0px ) !important;max-width:calc( 100% + 0px ) !important;margin-left: calc(-0px \/ 2 );margin-right: calc(-0px \/ 2 );\"><div class=\"fusion-layout-column fusion_builder_column fusion-builder-column-2 fusion_builder_column_1_2 1_2 fusion-flex-column\" style=\"--awb-padding-top:10%;--awb-padding-right:10%;--awb-padding-bottom:10%;--awb-padding-left:10%;--awb-bg-blend:overlay;--awb-bg-size:cover;--awb-width-large:50%;--awb-margin-top-large:0px;--awb-spacing-right-large:0px;--awb-margin-bottom-large:0px;--awb-spacing-left-large:0px;--awb-width-medium:50%;--awb-order-medium:1;--awb-spacing-right-medium:0px;--awb-spacing-left-medium:0px;--awb-width-small:100%;--awb-spacing-right-small:0px;--awb-spacing-left-small:0px;\"><div class=\"fusion-column-wrapper fusion-flex-justify-content-center fusion-content-layout-column\"><div class=\"fusion-title title fusion-title-2 fusion-sep-none fusion-title-text fusion-title-size-two\" style=\"--awb-margin-bottom:5px;--awb-margin-top-small:10px;--awb-margin-right-small:0px;--awb-margin-bottom-small:10px;--awb-margin-left-small:0px;--awb-font-size:36px;\"><h2 class=\"fusion-title-heading title-heading-left\" style=\"margin:0;font-size:1em;\">Links<\/h2><\/div><div class=\"fusion-separator\" style=\"align-self: flex-start;margin-right:auto;margin-top:30px;margin-bottom:50px;width:100%;max-width:170px;\"><div class=\"fusion-separator-border sep-single sep-solid\" style=\"--awb-height:20px;--awb-amount:20px;border-color:var(--awb-color3);border-top-width:1px;\"><\/div><\/div><div class=\"fusion-text fusion-text-2\"><h5>\u00abUnbedingt kennenlernen.\u00bb<\/h5>\n<h5><a href=\"http:\/\/www.literaturblatt.ch\/\" target=\"_blank\" rel=\"noopener\">www.literaturblatt.ch<\/a><\/h5>\n<h5>\u00abDer PEN f\u00f6rdert Literatur und verteidigt die freie Meinungs\u00e4usserung.\u00bb<\/h5>\n<h5><a href=\"https:\/\/www.pen-dschweiz.ch\/de\/\" target=\"_blank\" rel=\"noopener\">www.pen-dschweiz.ch<\/a><\/h5>\n<h5>\u00abVielfalt statt Grosskonzerne.\u00bb<\/h5>\n<h5><a href=\"http:\/\/www.b-lesen.ch\/\" target=\"_blank\" rel=\"noopener\">www.b-lesen.ch<\/a><\/h5>\n<h5>\u00abShare today. Change tomorrow.\u00bb<\/h5>\n<h5><a title=\"http:\/\/colummccann.com\/narrative-4-main-page\/\" href=\"http:\/\/colummccann.com\/narrative-4-main-page\/\" target=\"_blank\" rel=\"noopener\">www.narrative-4.com<\/a><\/h5>\n<h5>\u00abAutorinnen und Autoren der Schweiz.\u00bb<\/h5>\n<h5><a href=\"http:\/\/www.a-d-s.ch\/\" target=\"_blank\" rel=\"noopener\">www.a-d-s.ch<\/a><\/h5>\n<h5 id=\"cc-m-11451759512\">\u00abBerner Schriftstellerinnen und Schriftsteller.\u00bb<\/h5>\n<h5><a title=\"www.bsv-bern.ch\" href=\"http:\/\/www.bsv-bern.ch\/\" target=\"_blank\" rel=\"noopener\">www.bsv-bern.ch<\/a><\/h5>\n<h5>\u00abVereinigung der Walliser Autorinnen und Autoren deutscher Sprache.\u00bb<\/h5>\n<h5><a title=\"www.wads.ch\" href=\"http:\/\/www.wads.ch\/\" target=\"_blank\" rel=\"noopener\">www.wads.ch<\/a><\/h5>\n<\/div><div class=\"fusion-separator fusion-full-width-sep\" style=\"align-self: center;margin-left: auto;margin-right: auto;margin-top:10px;width:100%;\"><\/div><\/div><\/div><div class=\"fusion-layout-column fusion_builder_column fusion-builder-column-3 fusion_builder_column_1_2 1_2 fusion-flex-column\" style=\"--awb-bg-image:url(&#039;https:\/\/mariannekuenzle.ch\/wordpress\/wp-content\/uploads\/2021\/10\/Herbstfeuer-12-von-16-scaled-e1709796200464-1200x1071.jpg&#039;);--awb-bg-position:center center;--awb-bg-blend:overlay;--awb-bg-size:cover;--awb-width-large:50%;--awb-margin-top-large:0px;--awb-spacing-right-large:0px;--awb-margin-bottom-large:0px;--awb-spacing-left-large:0px;--awb-width-medium:50%;--awb-order-medium:0;--awb-spacing-right-medium:0px;--awb-spacing-left-medium:0px;--awb-width-small:100%;--awb-order-small:0;--awb-spacing-right-small:0px;--awb-spacing-left-small:0px;\" data-scroll-devices=\"small-visibility,medium-visibility,large-visibility\"><div class=\"fusion-column-wrapper fusion-column-has-shadow fusion-flex-justify-content-flex-start fusion-content-layout-column fusion-empty-column-bg-image fusion-column-has-bg-image\" data-bg-url=\"https:\/\/mariannekuenzle.ch\/wordpress\/wp-content\/uploads\/2021\/10\/Herbstfeuer-12-von-16-scaled-e1709796200464-1200x1071.jpg\"><img decoding=\"async\" class=\"fusion-empty-dims-img-placeholder fusion-no-large-visibility fusion-no-medium-visibility\" alt=\"Feuer\" aria-label=\"Feuer\" src=\"data:image\/svg+xml,%3Csvg%20xmlns%3D%27http%3A%2F%2Fwww.w3.org%2F2000%2Fsvg%27%20width%3D%271200%27%20height%3D%271071%27%20viewBox%3D%270%200%201200%201071%27%3E%3Crect%20width%3D%271200%27%20height%3D%271071%27%20fill-opacity%3D%220%22%2F%3E%3C%2Fsvg%3E\"><\/div><\/div><\/div><\/div><div class=\"fusion-fullwidth fullwidth-box fusion-builder-row-3 fusion-flex-container hundred-percent-fullwidth non-hundred-percent-height-scrolling\" style=\"--awb-background-position:left top;--awb-background-blend-mode:overlay;--awb-border-sizes-top:0px;--awb-border-sizes-bottom:0px;--awb-border-sizes-left:0px;--awb-border-sizes-right:0px;--awb-border-radius-top-left:0px;--awb-border-radius-top-right:0px;--awb-border-radius-bottom-right:0px;--awb-border-radius-bottom-left:0px;--awb-padding-top:0px;--awb-padding-right:0px;--awb-padding-bottom:0px;--awb-padding-left:0px;--awb-background-color:rgba(255,255,255,0.5);--awb-flex-wrap:wrap;\" ><div class=\"fusion-builder-row fusion-row fusion-flex-align-items-stretch fusion-flex-content-wrap\" style=\"width:calc( 100% + 0px ) !important;max-width:calc( 100% + 0px ) !important;margin-left: calc(-0px \/ 2 );margin-right: calc(-0px \/ 2 );\"><div class=\"fusion-layout-column fusion_builder_column fusion-builder-column-4 fusion_builder_column_1_2 1_2 fusion-flex-column\" style=\"--awb-padding-top:10%;--awb-padding-right:10%;--awb-padding-bottom:10%;--awb-padding-left:10%;--awb-bg-color:#24292d;--awb-bg-color-hover:#24292d;--awb-bg-size:cover;--awb-width-large:50%;--awb-margin-top-large:0px;--awb-spacing-right-large:0px;--awb-margin-bottom-large:0px;--awb-spacing-left-large:0px;--awb-width-medium:50%;--awb-spacing-right-medium:0px;--awb-spacing-left-medium:0px;--awb-width-small:100%;--awb-spacing-right-small:0px;--awb-spacing-left-small:0px;\"><div class=\"fusion-column-wrapper fusion-flex-justify-content-center fusion-content-layout-column\"><div class=\"awb-gallery-wrapper awb-gallery-wrapper-1 button-span-no\"><div style=\"margin:-5px;--awb-bordersize:0px;\" class=\"fusion-gallery fusion-gallery-container fusion-grid-3 fusion-columns-total-3 fusion-gallery-layout-grid fusion-gallery-1\"><div style=\"padding:5px;\" class=\"fusion-grid-column fusion-gallery-column fusion-gallery-column-3 hover-type-none\"><div class=\"fusion-gallery-image\"><a href=\"https:\/\/mariannekuenzle.ch\/wordpress\/wp-content\/uploads\/2021\/12\/MarianneSW2021-3-von-9-scaled.jpg\" rel=\"noreferrer\" data-rel=\"iLightbox[gallery_image_1]\" class=\"fusion-lightbox\" target=\"_self\"><img decoding=\"async\" src=\"https:\/\/mariannekuenzle.ch\/wordpress\/wp-content\/uploads\/2021\/12\/MarianneSW2021-3-von-9-scaled.jpg\" width=\"2560\" height=\"2560\" alt=\"\" title=\"Portr\u00e4t Marianne K\u00fcnzle\" aria-label=\"Portr\u00e4t Marianne K\u00fcnzle\" class=\"img-responsive wp-image-1390\" srcset=\"https:\/\/mariannekuenzle.ch\/wordpress\/wp-content\/uploads\/2021\/12\/MarianneSW2021-3-von-9-200x200.jpg 200w, https:\/\/mariannekuenzle.ch\/wordpress\/wp-content\/uploads\/2021\/12\/MarianneSW2021-3-von-9-400x400.jpg 400w, https:\/\/mariannekuenzle.ch\/wordpress\/wp-content\/uploads\/2021\/12\/MarianneSW2021-3-von-9-600x600.jpg 600w, https:\/\/mariannekuenzle.ch\/wordpress\/wp-content\/uploads\/2021\/12\/MarianneSW2021-3-von-9-800x800.jpg 800w, https:\/\/mariannekuenzle.ch\/wordpress\/wp-content\/uploads\/2021\/12\/MarianneSW2021-3-von-9-1200x1200.jpg 1200w, https:\/\/mariannekuenzle.ch\/wordpress\/wp-content\/uploads\/2021\/12\/MarianneSW2021-3-von-9-scaled.jpg 2560w\" sizes=\"(min-width: 2200px) 100vw, (min-width: 784px) 397px, (min-width: 712px) 595px, (min-width: 640px) 712px, \" \/><\/a><\/div><\/div><div style=\"padding:5px;\" class=\"fusion-grid-column fusion-gallery-column fusion-gallery-column-3 hover-type-none\"><div class=\"fusion-gallery-image\"><a href=\"https:\/\/mariannekuenzle.ch\/wordpress\/wp-content\/uploads\/2021\/12\/MarianneSW2021-7-von-9-scaled-e1709722717383.jpg\" rel=\"noreferrer\" data-rel=\"iLightbox[gallery_image_1]\" class=\"fusion-lightbox\" target=\"_self\"><img decoding=\"async\" src=\"https:\/\/mariannekuenzle.ch\/wordpress\/wp-content\/uploads\/2021\/12\/MarianneSW2021-7-von-9-scaled-e1709722717383.jpg\" width=\"2133\" height=\"2560\" alt=\"\" title=\"Portr\u00e4t Marianne K\u00fcnzle\" aria-label=\"Portr\u00e4t Marianne K\u00fcnzle\" class=\"img-responsive wp-image-1389\" srcset=\"https:\/\/mariannekuenzle.ch\/wordpress\/wp-content\/uploads\/2021\/12\/MarianneSW2021-7-von-9-scaled-e1709722717383-200x240.jpg 200w, https:\/\/mariannekuenzle.ch\/wordpress\/wp-content\/uploads\/2021\/12\/MarianneSW2021-7-von-9-scaled-e1709722717383-400x480.jpg 400w, https:\/\/mariannekuenzle.ch\/wordpress\/wp-content\/uploads\/2021\/12\/MarianneSW2021-7-von-9-scaled-e1709722717383-600x720.jpg 600w, https:\/\/mariannekuenzle.ch\/wordpress\/wp-content\/uploads\/2021\/12\/MarianneSW2021-7-von-9-scaled-e1709722717383-800x960.jpg 800w, https:\/\/mariannekuenzle.ch\/wordpress\/wp-content\/uploads\/2021\/12\/MarianneSW2021-7-von-9-scaled-e1709722717383-1200x1440.jpg 1200w, https:\/\/mariannekuenzle.ch\/wordpress\/wp-content\/uploads\/2021\/12\/MarianneSW2021-7-von-9-scaled-e1709722717383.jpg 2133w\" sizes=\"(min-width: 2200px) 100vw, (min-width: 784px) 397px, (min-width: 712px) 595px, (min-width: 640px) 712px, \" \/><\/a><\/div><\/div><div style=\"padding:5px;\" class=\"fusion-grid-column fusion-gallery-column fusion-gallery-column-3 hover-type-none\"><div class=\"fusion-gallery-image\"><a href=\"https:\/\/mariannekuenzle.ch\/wordpress\/wp-content\/uploads\/2022\/05\/MarianneKuenzleNeu-1-von-1-4.png\" rel=\"noreferrer\" data-rel=\"iLightbox[gallery_image_1]\" class=\"fusion-lightbox\" target=\"_self\"><img decoding=\"async\" src=\"https:\/\/mariannekuenzle.ch\/wordpress\/wp-content\/uploads\/2022\/05\/MarianneKuenzleNeu-1-von-1-4.png\" width=\"2733\" height=\"2733\" alt=\"Portr\u00e4t Marianne K\u00fcnzle\" title=\"Portr\u00e4t Marianne K\u00fcnzle\" aria-label=\"Portr\u00e4t Marianne K\u00fcnzle\" class=\"img-responsive wp-image-2126\" srcset=\"https:\/\/mariannekuenzle.ch\/wordpress\/wp-content\/uploads\/2022\/05\/MarianneKuenzleNeu-1-von-1-4-200x200.png 200w, https:\/\/mariannekuenzle.ch\/wordpress\/wp-content\/uploads\/2022\/05\/MarianneKuenzleNeu-1-von-1-4-400x400.png 400w, https:\/\/mariannekuenzle.ch\/wordpress\/wp-content\/uploads\/2022\/05\/MarianneKuenzleNeu-1-von-1-4-600x600.png 600w, https:\/\/mariannekuenzle.ch\/wordpress\/wp-content\/uploads\/2022\/05\/MarianneKuenzleNeu-1-von-1-4-800x800.png 800w, https:\/\/mariannekuenzle.ch\/wordpress\/wp-content\/uploads\/2022\/05\/MarianneKuenzleNeu-1-von-1-4-1200x1200.png 1200w, https:\/\/mariannekuenzle.ch\/wordpress\/wp-content\/uploads\/2022\/05\/MarianneKuenzleNeu-1-von-1-4.png 2733w\" sizes=\"(min-width: 2200px) 100vw, (min-width: 784px) 397px, (min-width: 712px) 595px, (min-width: 640px) 712px, \" \/><\/a><\/div><\/div><div class=\"clearfix\"><\/div><\/div><\/div><\/div><\/div><div class=\"fusion-layout-column fusion_builder_column fusion-builder-column-5 fusion_builder_column_1_2 1_2 fusion-flex-column\" style=\"--awb-padding-top:10%;--awb-padding-right:10%;--awb-padding-bottom:10%;--awb-padding-left:10%;--awb-bg-color:#2b3136;--awb-bg-color-hover:#2b3136;--awb-bg-size:cover;--awb-width-large:50%;--awb-margin-top-large:0px;--awb-spacing-right-large:0px;--awb-margin-bottom-large:0px;--awb-spacing-left-large:0px;--awb-width-medium:50%;--awb-spacing-right-medium:0px;--awb-spacing-left-medium:0px;--awb-width-small:100%;--awb-spacing-right-small:0px;--awb-spacing-left-small:0px;\"><div class=\"fusion-column-wrapper fusion-flex-justify-content-center fusion-content-layout-column\"><div class=\"fusion-title title fusion-title-3 fusion-sep-none fusion-title-text fusion-title-size-three\" style=\"--awb-margin-top-small:10px;--awb-margin-right-small:0px;--awb-margin-bottom-small:10px;--awb-margin-left-small:0px;\"><h3 class=\"fusion-title-heading title-heading-left\" style=\"margin:0;line-height:1.2em;\">Fotos<\/h3><\/div><div class=\"fusion-title title fusion-title-4 fusion-sep-none fusion-title-text fusion-title-size-five\" style=\"--awb-text-color:#ae895d;--awb-margin-top-small:10px;--awb-margin-right-small:0px;--awb-margin-bottom-small:10px;--awb-margin-left-small:0px;--awb-font-size:15px;\"><h5 class=\"fusion-title-heading title-heading-left\" style=\"margin:0;font-size:1em;\"><h5>Diese Fotos d\u00fcrfen mit Quellenangaben (Copyright und Name des Fotografen) f\u00fcr Presseartikel verwendet werden.<\/h5><\/h5><\/div><div class=\"fusion-separator hrleft\" style=\"align-self: flex-start;margin-right:auto;margin-top:20px;margin-bottom:20px;width:100%;max-width:170px;\"><div class=\"fusion-separator-border sep-single sep-solid\" style=\"--awb-height:20px;--awb-amount:20px;border-color:var(--awb-color3);border-top-width:1px;\"><\/div><\/div><div class=\"fusion-text fusion-text-3\" style=\"--awb-text-transform:none;\"><p>Weitere Informationen zur Verwendung der Bilder finden Sie im <a href=\"\/wordpress\/impressum\/\">Impressum<\/a>.<\/p>\n<\/div><\/div><\/div><\/div><\/div><\/p>\n","protected":false},"excerpt":{"rendered":"","protected":false},"author":1,"featured_media":0,"parent":0,"menu_order":0,"comment_status":"closed","ping_status":"closed","template":"100-width.php","meta":{"footnotes":""},"class_list":["post-9","page","type-page","status-publish","hentry"],"_links":{"self":[{"href":"https:\/\/mariannekuenzle.ch\/wordpress\/wp-json\/wp\/v2\/pages\/9","targetHints":{"allow":["GET"]}}],"collection":[{"href":"https:\/\/mariannekuenzle.ch\/wordpress\/wp-json\/wp\/v2\/pages"}],"about":[{"href":"https:\/\/mariannekuenzle.ch\/wordpress\/wp-json\/wp\/v2\/types\/page"}],"author":[{"embeddable":true,"href":"https:\/\/mariannekuenzle.ch\/wordpress\/wp-json\/wp\/v2\/users\/1"}],"replies":[{"embeddable":true,"href":"https:\/\/mariannekuenzle.ch\/wordpress\/wp-json\/wp\/v2\/comments?post=9"}],"version-history":[{"count":95,"href":"https:\/\/mariannekuenzle.ch\/wordpress\/wp-json\/wp\/v2\/pages\/9\/revisions"}],"predecessor-version":[{"id":2287,"href":"https:\/\/mariannekuenzle.ch\/wordpress\/wp-json\/wp\/v2\/pages\/9\/revisions\/2287"}],"wp:attachment":[{"href":"https:\/\/mariannekuenzle.ch\/wordpress\/wp-json\/wp\/v2\/media?parent=9"}],"curies":[{"name":"wp","href":"https:\/\/api.w.org\/{rel}","templated":true}]}}